{"id":110,"date":"2016-01-16T05:16:48","date_gmt":"2016-01-16T05:16:48","guid":{"rendered":"https:\/\/wpbakery.thembay.com\/cena\/?page_id=110"},"modified":"2024-05-20T00:34:32","modified_gmt":"2024-05-19T21:34:32","slug":"home","status":"publish","type":"page","link":"https:\/\/hhselektronikguvenliksistemlerias.com\/","title":{"rendered":"Home"},"content":{"rendered":"<div class=\"wpb-content-wrapper\"><p>[vc_row css_animation=&#8221;none&#8221; isfullwidth=&#8221;0&#8243; css=&#8221;.vc_custom_1599809158985{margin-bottom: 30px !important;}&#8221;][vc_column css_animation=&#8221;fadeIn&#8221;]\n\t\t\t<!-- START Home 1 REVOLUTION SLIDER 6.6.20 --><p class=\"rs-p-wp-fix\"><\/p>\n\t\t\t<rs-module-wrap id=\"rev_slider_1_1_wrapper\" data-source=\"gallery\" style=\"visibility:hidden;background:transparent;padding:0;margin:0px auto;margin-top:0;margin-bottom:0;\">\n\t\t\t\t<rs-module id=\"rev_slider_1_1\" style=\"\" data-version=\"6.6.20\">\n\t\t\t\t\t<rs-slides style=\"overflow: hidden; position: absolute;\">\n\t\t\t\t\t\t<rs-slide style=\"position: absolute;\" data-key=\"rs-1\" data-title=\"Slide\" data-thumb=\"\/\/wpbakery.thembay.com\/cena\/wp-content\/uploads\/revslider\/home1\/bg_slider1.jpg\" data-anim=\"f:random;\" data-in=\"o:0;sx:1.1;sy:1.1;m:true;row:5;col:5;\" data-out=\"a:false;\" data-alttrans=\"slotfade-vertical,fadetoleftfadefromright,fadefromtop,curtain-1,curtain-2,curtain-3\">\n\t\t\t\t\t\t\t<img decoding=\"async\" src=\"\/\/hhselektronikguvenliksistemlerias.com\/wp-content\/plugins\/revslider\/public\/assets\/assets\/dummy.png\" alt=\"\" title=\"Home\" class=\"rev-slidebg tp-rs-img rs-lazyload\" data-lazyload=\"\/\/wpbakery.thembay.com\/cena\/wp-content\/uploads\/revslider\/home1\/bg_slider1.jpg\" data-no-retina>\n<!--\n\t\t\t\t\t\t\t--><a\n\t\t\t\t\t\t\t\tid=\"slider-1-slide-1-layer-5\" \n\t\t\t\t\t\t\t\tclass=\"rs-layer\"\n\t\t\t\t\t\t\t\thref=\"https:\/\/hhselektronikguvenliksistemlerias.com\/index.php\/product\/bq618-bluetooth-wireless-headphone\/\" target=\"_self\"\n\t\t\t\t\t\t\t\tdata-type=\"image\"\n\t\t\t\t\t\t\t\tdata-rsp_ch=\"on\"\n\t\t\t\t\t\t\t\tdata-xy=\"x:r,r,r,c;xo:-107px,-117px,-58px,113px;yo:86px,33px,0,167px;\"\n\t\t\t\t\t\t\t\tdata-text=\"l:22;a:inherit;\"\n\t\t\t\t\t\t\t\tdata-dim=\"w:655px,655px,504px,261px;h:529px,529px,407px,211px;\"\n\t\t\t\t\t\t\t\tdata-frame_0=\"x:100%;o:1;\"\n\t\t\t\t\t\t\t\tdata-frame_0_mask=\"u:t;\"\n\t\t\t\t\t\t\t\tdata-frame_1=\"sp:1500;sR:10;\"\n\t\t\t\t\t\t\t\tdata-frame_1_mask=\"u:t;\"\n\t\t\t\t\t\t\t\tdata-frame_999=\"x:100%;st:w;sp:1000;sR:7490;\"\n\t\t\t\t\t\t\t\tdata-frame_999_mask=\"u:t;\"\n\t\t\t\t\t\t\t\tstyle=\"z-index:5;\"\n\t\t\t\t\t\t\t><img decoding=\"async\" src=\"\/\/hhselektronikguvenliksistemlerias.com\/wp-content\/plugins\/revslider\/public\/assets\/assets\/dummy.png\" alt=\"\" class=\"tp-rs-img rs-lazyload\" width=\"655\" height=\"529\" data-lazyload=\"\/\/hhselektronikguvenliksistemlerias.com\/wp-content\/uploads\/2024\/05\/Xrplus-XR-221-AHD.png\" data-no-retina> \n\t\t\t\t\t\t\t<\/a><!--\n\n\t\t\t\t\t\t\t--><rs-layer\n\t\t\t\t\t\t\t\tid=\"slider-1-slide-1-layer-6\" \n\t\t\t\t\t\t\t\tdata-type=\"text\"\n\t\t\t\t\t\t\t\tdata-color=\"#222222\"\n\t\t\t\t\t\t\t\tdata-rsp_ch=\"on\"\n\t\t\t\t\t\t\t\tdata-xy=\"x:l,l,l,c;xo:15px,36px,36px,0;yo:173px,105px,52px,30px;\"\n\t\t\t\t\t\t\t\tdata-text=\"s:50,30,30,30;l:50,30,30,30;fw:100;a:inherit;\"\n\t\t\t\t\t\t\t\tdata-frame_0=\"y:-100%;o:1;\"\n\t\t\t\t\t\t\t\tdata-frame_0_mask=\"u:t;\"\n\t\t\t\t\t\t\t\tdata-frame_1=\"sp:1500;sR:10;\"\n\t\t\t\t\t\t\t\tdata-frame_1_mask=\"u:t;\"\n\t\t\t\t\t\t\t\tdata-frame_999=\"y:-100%;e:nothing;st:w;sR:7490;\"\n\t\t\t\t\t\t\t\tdata-frame_999_mask=\"u:t;\"\n\t\t\t\t\t\t\t\tstyle=\"z-index:5;font-family:'Lato';\"\n\t\t\t\t\t\t\t>Xrplus <b>XR-221-AHD<\/b> \n\t\t\t\t\t\t\t<\/rs-layer><!--\n\n\t\t\t\t\t\t\t--><rs-layer\n\t\t\t\t\t\t\t\tid=\"slider-1-slide-1-layer-7\" \n\t\t\t\t\t\t\t\tdata-type=\"text\"\n\t\t\t\t\t\t\t\tdata-color=\"rgba(34, 34, 34, 0.8)\"\n\t\t\t\t\t\t\t\tdata-rsp_ch=\"on\"\n\t\t\t\t\t\t\t\tdata-xy=\"x:l,l,l,c;xo:15px,36px,36px,0;yo:228px,170px,101px,79px;\"\n\t\t\t\t\t\t\t\tdata-text=\"s:14;l:22;ls:2px;fw:700;a:inherit;\"\n\t\t\t\t\t\t\t\tdata-frame_0=\"x:-100%;o:1;\"\n\t\t\t\t\t\t\t\tdata-frame_0_mask=\"u:t;\"\n\t\t\t\t\t\t\t\tdata-frame_1=\"sp:1500;sR:10;\"\n\t\t\t\t\t\t\t\tdata-frame_1_mask=\"u:t;\"\n\t\t\t\t\t\t\t\tdata-frame_999=\"x:-100%;st:w;sp:1000;sR:7490;\"\n\t\t\t\t\t\t\t\tdata-frame_999_mask=\"u:t;\"\n\t\t\t\t\t\t\t\tstyle=\"z-index:6;font-family:'Lato';text-transform:uppercase;\"\n\t\t\t\t\t\t\t><span class=\"color\">2.1 Megapiksel 1080p Box AHD Kamera<\/span> \n\t\t\t\t\t\t\t<\/rs-layer><!--\n\n\t\t\t\t\t\t\t--><rs-layer\n\t\t\t\t\t\t\t\tid=\"slider-1-slide-1-layer-9\" \n\t\t\t\t\t\t\t\tdata-type=\"image\"\n\t\t\t\t\t\t\t\tdata-rsp_ch=\"on\"\n\t\t\t\t\t\t\t\tdata-xy=\"xo:15px,36px,34px,33px;yo:275px,275px,145px,117px;\"\n\t\t\t\t\t\t\t\tdata-text=\"l:22;a:inherit;\"\n\t\t\t\t\t\t\t\tdata-dim=\"w:472px,470px,470px,231px;h:141px,140px,140px,69px;\"\n\t\t\t\t\t\t\t\tdata-vbility=\"t,t,f,f\"\n\t\t\t\t\t\t\t\tdata-frame_0=\"x:-100%;o:1;\"\n\t\t\t\t\t\t\t\tdata-frame_0_mask=\"u:t;\"\n\t\t\t\t\t\t\t\tdata-frame_1=\"sp:1500;sR:10;\"\n\t\t\t\t\t\t\t\tdata-frame_1_mask=\"u:t;\"\n\t\t\t\t\t\t\t\tdata-frame_999=\"x:-100%;st:w;sp:1000;sR:7490;\"\n\t\t\t\t\t\t\t\tdata-frame_999_mask=\"u:t;\"\n\t\t\t\t\t\t\t\tstyle=\"z-index:5;\"\n\t\t\t\t\t\t\t><img decoding=\"async\" src=\"\/\/hhselektronikguvenliksistemlerias.com\/wp-content\/plugins\/revslider\/public\/assets\/assets\/dummy.png\" alt=\"\" class=\"tp-rs-img rs-lazyload\" width=\"940\" height=\"280\" data-lazyload=\"\/\/hhselektronikguvenliksistemlerias.com\/wp-content\/uploads\/2024\/05\/BANNER-EK1.png\" data-no-retina> \n\t\t\t\t\t\t\t<\/rs-layer><!--\n\n\t\t\t\t\t\t\t--><rs-layer\n\t\t\t\t\t\t\t\tid=\"slider-1-slide-1-layer-10\" \n\t\t\t\t\t\t\t\tdata-type=\"text\"\n\t\t\t\t\t\t\t\tdata-color=\"#111111\"\n\t\t\t\t\t\t\t\tdata-rsp_ch=\"on\"\n\t\t\t\t\t\t\t\tdata-xy=\"xo:15px,36px,36px,63px;yo:444px,444px,255px,286px;\"\n\t\t\t\t\t\t\t\tdata-text=\"s:16;fw:700;a:inherit;\"\n\t\t\t\t\t\t\t\tdata-vbility=\"t,t,t,f\"\n\t\t\t\t\t\t\t\tdata-frame_0=\"y:100%;\"\n\t\t\t\t\t\t\t\tdata-frame_0_mask=\"u:t;y:100%;\"\n\t\t\t\t\t\t\t\tdata-frame_1=\"e:power2.inOut;sp:2000;sR:10;\"\n\t\t\t\t\t\t\t\tdata-frame_1_mask=\"u:t;\"\n\t\t\t\t\t\t\t\tdata-frame_999=\"y:100%;e:nothing;st:w;sR:6990;\"\n\t\t\t\t\t\t\t\tdata-frame_999_mask=\"u:t;\"\n\t\t\t\t\t\t\t\tstyle=\"z-index:7;font-family:'Lato';\"\n\t\t\t\t\t\t\t>Hemen Al! <span class=\"color\"><\/span> \n\t\t\t\t\t\t\t<\/rs-layer><!--\n\n\t\t\t\t\t\t\t--><a\n\t\t\t\t\t\t\t\tid=\"slider-1-slide-1-layer-11\" \n\t\t\t\t\t\t\t\tclass=\"rs-layer rev-btn rev-withicon\"\n\t\t\t\t\t\t\t\thref=\"https:\/\/hhselektronikguvenliksistemlerias.com\/index.php\/product\/bq618-bluetooth-wireless-headphone\/\" target=\"_blank\" rel=\"nofollow noopener\"\n\t\t\t\t\t\t\t\tdata-type=\"button\"\n\t\t\t\t\t\t\t\tdata-color=\"rgba(255,255,255,1)\"\n\t\t\t\t\t\t\t\tdata-xy=\"x:l,l,l,c;xo:15px,36px,36px,-133px;yo:480px,487px,300px,253px;\"\n\t\t\t\t\t\t\t\tdata-text=\"s:13,13,13,8;l:14,14,14,9;fw:700;a:inherit;\"\n\t\t\t\t\t\t\t\tdata-rsp_bd=\"off\"\n\t\t\t\t\t\t\t\tdata-padding=\"t:10,10,10,7;r:30,30,30,20;b:10,10,10,7;l:30,30,30,20;\"\n\t\t\t\t\t\t\t\tdata-border=\"bor:8px,8px,8px,8px;\"\n\t\t\t\t\t\t\t\tdata-frame_0=\"y:100%;\"\n\t\t\t\t\t\t\t\tdata-frame_0_mask=\"u:t;y:100%;\"\n\t\t\t\t\t\t\t\tdata-frame_1=\"x:0,0,0,0px;y:0,0,0,0px;e:power2.inOut;sp:2000;sR:10;\"\n\t\t\t\t\t\t\t\tdata-frame_1_mask=\"u:t;x:0,0,0,0px;y:0,0,0,0px;\"\n\t\t\t\t\t\t\t\tdata-frame_999=\"y:100%;e:nothing;st:w;sR:6990;\"\n\t\t\t\t\t\t\t\tdata-frame_999_mask=\"u:t;\"\n\t\t\t\t\t\t\t\tdata-frame_hover=\"c:#000;bgc:#fff;boc:#000;bor:30px,30px,30px,30px;bos:solid;oX:50;oY:50;sp:0;\"\n\t\t\t\t\t\t\t\tstyle=\"z-index:8;background-color:#fecc00;font-family:'Poppins';cursor:pointer;outline:none;box-shadow:none;box-sizing:border-box;-moz-box-sizing:border-box;-webkit-box-sizing:border-box;\"\n\t\t\t\t\t\t\t>3000\u20ba 'ye Hemen Sipari\u015f Olu\u015ftur!   <i class=\"fa-chevron-right\"><\/i> \n\t\t\t\t\t\t\t<\/a><!--\n-->\t\t\t\t\t\t<\/rs-slide>\n\t\t\t\t\t\t<rs-slide style=\"position: absolute;\" data-key=\"rs-4\" data-title=\"Slide\" data-thumb=\"\/\/hhselektronikguvenliksistemlerias.com\/wp-content\/uploads\/2024\/05\/young-man-black-white-room-scaled-100x50.jpg\" data-anim=\"f:random;\" data-in=\"o:0;sx:1.1;sy:1.1;m:true;row:5;col:5;\" data-out=\"a:false;\" data-alttrans=\"slotfade-vertical,fadetoleftfadefromright,fadefromtop,curtain-1,curtain-2,curtain-3\">\n\t\t\t\t\t\t\t<img decoding=\"async\" src=\"\/\/hhselektronikguvenliksistemlerias.com\/wp-content\/plugins\/revslider\/public\/assets\/assets\/dummy.png\" alt=\"\" title=\"Young man in black at white room\" width=\"2560\" height=\"1707\" class=\"rev-slidebg tp-rs-img rs-lazyload\" data-lazyload=\"\/\/hhselektronikguvenliksistemlerias.com\/wp-content\/uploads\/2024\/05\/young-man-black-white-room-scaled.jpg\" data-no-retina>\n<!--\n\t\t\t\t\t\t\t--><rs-layer\n\t\t\t\t\t\t\t\tid=\"slider-1-slide-4-layer-6\" \n\t\t\t\t\t\t\t\tdata-type=\"text\"\n\t\t\t\t\t\t\t\tdata-color=\"#fecc00||#ffffff||#ffffff||#ffffff\"\n\t\t\t\t\t\t\t\tdata-rsp_ch=\"on\"\n\t\t\t\t\t\t\t\tdata-xy=\"x:l,l,l,c;xo:15px,36px,30px,1px;yo:270px,156px,111px,262px;\"\n\t\t\t\t\t\t\t\tdata-text=\"s:50,50,30,30;l:50;fw:900;a:inherit;\"\n\t\t\t\t\t\t\t\tdata-frame_0=\"x:175%;o:1;\"\n\t\t\t\t\t\t\t\tdata-frame_0_mask=\"u:t;x:-100%;\"\n\t\t\t\t\t\t\t\tdata-frame_1=\"e:power3.out;sp:1500;sR:10;\"\n\t\t\t\t\t\t\t\tdata-frame_1_mask=\"u:t;\"\n\t\t\t\t\t\t\t\tdata-frame_999=\"x:100%;st:w;sp:1000;sR:7490;\"\n\t\t\t\t\t\t\t\tdata-frame_999_mask=\"u:t;\"\n\t\t\t\t\t\t\t\tstyle=\"z-index:5;font-family:'Lato';\"\n\t\t\t\t\t\t\t>H\u0131rs\u0131z Alarm Sistemleri \n\t\t\t\t\t\t\t<\/rs-layer><!--\n\n\t\t\t\t\t\t\t--><a\n\t\t\t\t\t\t\t\tid=\"slider-1-slide-4-layer-11\" \n\t\t\t\t\t\t\t\tclass=\"rs-layer rev-btn rev-withicon\"\n\t\t\t\t\t\t\t\thref=\"https:\/\/hhselektronikguvenliksistemlerias.com\/index.php\/product-category\/hirsiz-alarm-sistemleri\/\" target=\"_blank\" rel=\"nofollow noopener\"\n\t\t\t\t\t\t\t\tdata-type=\"button\"\n\t\t\t\t\t\t\t\tdata-color=\"rgba(255,255,255,1)\"\n\t\t\t\t\t\t\t\tdata-xy=\"x:l,l,l,c;xo:15px,36px,30px,7px;yo:448px,429px,285px,314px;\"\n\t\t\t\t\t\t\t\tdata-text=\"s:13;l:14;fw:700;a:inherit;\"\n\t\t\t\t\t\t\t\tdata-rsp_bd=\"off\"\n\t\t\t\t\t\t\t\tdata-padding=\"t:10;r:30;b:10;l:30;\"\n\t\t\t\t\t\t\t\tdata-border=\"bor:8px,8px,8px,8px;\"\n\t\t\t\t\t\t\t\tdata-frame_0=\"y:100%;\"\n\t\t\t\t\t\t\t\tdata-frame_1=\"e:power4.inOut;sp:2000;sR:10;\"\n\t\t\t\t\t\t\t\tdata-frame_999=\"y:100%;e:nothing;st:w;sR:6990;\"\n\t\t\t\t\t\t\t\tdata-frame_999_mask=\"u:t;\"\n\t\t\t\t\t\t\t\tdata-frame_hover=\"c:#000;bgc:#fff;boc:#000;bor:30px,30px,30px,30px;bos:solid;oX:50;oY:50;sp:0;\"\n\t\t\t\t\t\t\t\tstyle=\"z-index:7;background-color:#fecc00;font-family:'Lato';cursor:pointer;outline:none;box-shadow:none;box-sizing:border-box;-moz-box-sizing:border-box;-webkit-box-sizing:border-box;\"\n\t\t\t\t\t\t\t>\u00dcR\u00dcNLER\u0130 G\u00d6R <i class=\"fa-chevron-right\"><\/i> \n\t\t\t\t\t\t\t<\/a><!--\n\n\t\t\t\t\t\t\t--><rs-layer\n\t\t\t\t\t\t\t\tid=\"slider-1-slide-4-layer-14\" \n\t\t\t\t\t\t\t\tdata-type=\"text\"\n\t\t\t\t\t\t\t\tdata-color=\"#000000||rgba(255, 255, 255, 0.8)||rgba(255, 255, 255, 0.8)||rgba(255, 255, 255, 0.8)\"\n\t\t\t\t\t\t\t\tdata-rsp_ch=\"on\"\n\t\t\t\t\t\t\t\tdata-xy=\"x:l,l,l,c;xo:15px,36px,30px,5px;yo:220px,97px,82px,243px;\"\n\t\t\t\t\t\t\t\tdata-text=\"s:30,30,20,20;fw:300;a:inherit;\"\n\t\t\t\t\t\t\t\tdata-vbility=\"t,t,t,f\"\n\t\t\t\t\t\t\t\tdata-frame_0=\"x:175%;o:1;\"\n\t\t\t\t\t\t\t\tdata-frame_0_mask=\"u:t;x:-100%;\"\n\t\t\t\t\t\t\t\tdata-frame_1=\"x:1px;e:power3.out;sp:1500;sR:10;\"\n\t\t\t\t\t\t\t\tdata-frame_1_mask=\"u:t;\"\n\t\t\t\t\t\t\t\tdata-frame_999=\"x:100%;st:w;sp:1000;sR:7490;\"\n\t\t\t\t\t\t\t\tdata-frame_999_mask=\"u:t;\"\n\t\t\t\t\t\t\t\tstyle=\"z-index:8;font-family:'Lato';\"\n\t\t\t\t\t\t\t>Yeni Nesil \n\t\t\t\t\t\t\t<\/rs-layer><!--\n-->\t\t\t\t\t\t<\/rs-slide>\n\t\t\t\t\t<\/rs-slides>\n\t\t\t\t<\/rs-module>\n\t\t\t\t<script>\n\t\t\t\t\tsetREVStartSize({c: 'rev_slider_1_1',rl:[1240,1024,778,480],el:[700,600,400,400],gw:[1200,1024,778,480],gh:[700,600,400,400],type:'standard',justify:'',layout:'fullwidth',mh:\"0\"});if (window.RS_MODULES!==undefined && window.RS_MODULES.modules!==undefined && window.RS_MODULES.modules[\"revslider11\"]!==undefined) {window.RS_MODULES.modules[\"revslider11\"].once = false;window.revapi1 = undefined;if (window.RS_MODULES.checkMinimal!==undefined) window.RS_MODULES.checkMinimal()}\n\t\t\t\t<\/script>\n\t\t\t<\/rs-module-wrap>\n\t\t\t<!-- END REVOLUTION SLIDER -->\n[\/vc_column][\/vc_row][vc_row][vc_column css_animation=&#8221;none&#8221; width=&#8221;1\/2&#8243; offset=&#8221;vc_hidden-sm vc_hidden-xs&#8221;][vc_single_image image=&#8221;2563&#8243; img_size=&#8221;full&#8221; onclick=&#8221;custom_link&#8221; link=&#8221;#&#8221; el_class=&#8221;effect1&#8243;][\/vc_column][vc_column css_animation=&#8221;none&#8221; width=&#8221;1\/2&#8243; el_class=&#8221;list-custom-category&#8221; offset=&#8221;vc_hidden-xs&#8221;][vc_row_inner][vc_column_inner width=&#8221;1\/2&#8243;][vc_column_text css=&#8221;.vc_custom_1715456988091{background-image: url(https:\/\/hhselektronikguvenliksistemlerias.com\/wp-content\/uploads\/2024\/05\/Kodicom-KD-9420E2-2-Megapiksel-1080p-IR-Bullet-IP-Kamera.png?id=2570) !important;background-position: center !important;background-repeat: no-repeat !important;background-size: cover !important;}&#8221;]<\/p>\n<ul class=\"list-category\">\n<li><a class=\"dropdown-toggle\" href=\"https:\/\/hhselektronikguvenliksistemlerias.com\/index.php\/product-category\/kameralar\/ip-kameralar\/\">IP Kameralar<\/a><\/li>\n<li class=\"menu-item-2497 aligned-\"><a class=\"\" href=\"https:\/\/hhselektronikguvenliksistemlerias.com\/index.php\/product-category\/kameralar\/ip-kameralar\/box-kameralar-ip-kameralar\/\">Box Kameralar<\/a><\/li>\n<li class=\"menu-item-2498 aligned-\"><a class=\"\" href=\"https:\/\/hhselektronikguvenliksistemlerias.com\/index.php\/product-category\/kameralar\/ip-kameralar\/dome-kameralar-ip-kameralar\/\">Dome Kameralar<\/a><\/li>\n<li class=\"menu-item-2499 aligned-\"><a class=\"\" href=\"https:\/\/hhselektronikguvenliksistemlerias.com\/index.php\/product-category\/kameralar\/ip-kameralar\/ir-bullet-kameralar-ip-kameralar\/\">IR Bullet Kameralar<\/a><\/li>\n<li class=\"menu-item-2500 aligned- last\"><a class=\"\" href=\"https:\/\/hhselektronikguvenliksistemlerias.com\/index.php\/product-category\/kameralar\/ip-kameralar\/ptz-kameralar-ip-kameralar\/\">PTZ Kameralar<\/a><\/li>\n<\/ul>\n<p>[\/vc_column_text][\/vc_column_inner][vc_column_inner width=&#8221;1\/2&#8243;][vc_column_text css=&#8221;.vc_custom_1715457391797{background-image: url(https:\/\/hhselektronikguvenliksistemlerias.com\/wp-content\/uploads\/2024\/05\/mobil-kamera.png?id=2571) !important;background-position: center !important;background-repeat: no-repeat !important;background-size: cover !important;}&#8221;]<\/p>\n<ul class=\"list-category\">\n<li><a class=\"dropdown-toggle hover\" href=\"https:\/\/hhselektronikguvenliksistemlerias.com\/index.php\/product-category\/mobil-urunler\/\">Mobil \u00dcr\u00fcnler<\/a><\/li>\n<li class=\"menu-item-2504 aligned-\"><a class=\"\" href=\"https:\/\/hhselektronikguvenliksistemlerias.com\/index.php\/product-category\/mobil-urunler\/mobil-dvr\/\">Mobil DVR<\/a><\/li>\n<li class=\"menu-item-2508 aligned-\"><a class=\"\" href=\"https:\/\/hhselektronikguvenliksistemlerias.com\/index.php\/product-category\/mobil-urunler\/mobil-nvr\/\">Mobil NVR<\/a><\/li>\n<li class=\"menu-item-2505 aligned-\"><a class=\"\" href=\"https:\/\/hhselektronikguvenliksistemlerias.com\/index.php\/product-category\/mobil-urunler\/mobil-ip-kamera\/\">Mobil IP Kamera<\/a><\/li>\n<li class=\"menu-item-2506 aligned-\"><a class=\"\" href=\"https:\/\/hhselektronikguvenliksistemlerias.com\/index.php\/product-category\/mobil-urunler\/mobil-kamera\/\">Mobil Kamera<\/a><\/li>\n<li class=\"menu-item-2507 aligned- last\"><a class=\"\" href=\"https:\/\/hhselektronikguvenliksistemlerias.com\/index.php\/product-category\/mobil-urunler\/mobil-monitor\/\">Mobil Monit\u00f6r<\/a><\/li>\n<\/ul>\n<p>[\/vc_column_text][\/vc_column_inner][\/vc_row_inner][vc_row_inner][vc_column_inner width=&#8221;1\/2&#8243;][vc_column_text css=&#8221;.vc_custom_1715457612918{background-image: url(https:\/\/hhselektronikguvenliksistemlerias.com\/wp-content\/uploads\/2024\/05\/Kodicom-KD-2704TS-C-1080p-4-Kanal-XVR-5-IN-1-Hibrit-Kayit-Cihazi.png?id=2572) !important;background-position: center !important;background-repeat: no-repeat !important;background-size: cover !important;}&#8221;]<\/p>\n<ul class=\"list-category\">\n<li><a href=\"https:\/\/hhselektronikguvenliksistemlerias.com\/index.php\/product-category\/kayit-cihazlari\/\">KAYIT C\u0130HAZLARI<\/a><\/li>\n<li class=\"menu-item-2509 aligned-left\"><a class=\"\" href=\"https:\/\/hhselektronikguvenliksistemlerias.com\/index.php\/product-category\/kayit-cihazlari\/ahd-kayit-cihazlari\/\">AHD Kay\u0131t Cihazlar\u0131<\/a><\/li>\n<li class=\"menu-item-2503 aligned-\"><a class=\"\" href=\"https:\/\/hhselektronikguvenliksistemlerias.com\/index.php\/product-category\/mobil-urunler\/analog-kayit-cihazlari-mobil-urunler\/\">Analog Kay\u0131t Cihazlar\u0131<\/a><\/li>\n<li class=\"menu-item-2511 aligned-left\"><a class=\"\" href=\"https:\/\/hhselektronikguvenliksistemlerias.com\/wp-admin\/term.php?taxonomy=product_cat&amp;tag_ID=106&amp;post_type=product&amp;wp_http_referer=%2Fwp-admin%2Fedit-tags.php%3Ftaxonomy%3Dproduct_cat%26post_type%3Dproduct%26paged%3D3\">HD-SDI Kay\u0131t Cihazlar\u0131<\/a><\/li>\n<li class=\"menu-item-2512 aligned-left\"><a class=\"\" href=\"https:\/\/hhselektronikguvenliksistemlerias.com\/index.php\/product-category\/kayit-cihazlari\/hd-tvi-kayit-cihazlari\/\">HD-TVI Kay\u0131t Cihazlar\u0131<\/a><\/li>\n<li class=\"menu-item-2513 aligned-\"><a class=\"\" href=\"https:\/\/hhselektronikguvenliksistemlerias.com\/index.php\/product-category\/kayit-cihazlari\/nvr-kayit-cihazlari\/\">NVR Kay\u0131t Cihazlar\u0131<\/a><\/li>\n<li class=\"menu-item-2514 aligned-\"><a class=\"\" href=\"https:\/\/hhselektronikguvenliksistemlerias.com\/index.php\/product-category\/kayit-cihazlari\/poe-switchler\/\">PoE Switchler<\/a><\/li>\n<li class=\"menu-item-2515 aligned- last\"><a class=\"\" href=\"https:\/\/hhselektronikguvenliksistemlerias.com\/index.php\/product-category\/kayit-cihazlari\/xvr-kayit-cihazlari\/\">XVR Kay\u0131t Cihazlar\u0131<\/a><\/li>\n<\/ul>\n<p>[\/vc_column_text][\/vc_column_inner][vc_column_inner el_class=&#8221;hidden-xs&#8221; width=&#8221;1\/2&#8243;][vc_single_image image=&#8221;2573&#8243; img_size=&#8221;full&#8221; onclick=&#8221;custom_link&#8221; link=&#8221;#&#8221; el_class=&#8221;effect1&#8243;][\/vc_column_inner][\/vc_row_inner][\/vc_column][\/vc_row][vc_row][vc_column css=&#8221;.vc_custom_1503115369637{padding-top: 30px !important;}&#8221;][tbay_categoriestabs title=&#8221;Yeni Gelenler&#8221; categoriestabs=&#8221;%5B%7B%22category%22%3A%2238%22%7D%2C%7B%22category%22%3A%2245%22%7D%2C%7B%22category%22%3A%2286%22%7D%5D&#8221; ajax_tabs=&#8221;yes&#8221; number=&#8221;8&#8243; columns=&#8221;3&#8243; rows=&#8221;1&#8243; nav_type=&#8221;yes&#8221; pagi_type=&#8221;yes&#8221; responsive_type=&#8221;yes&#8221; screen_desktop=&#8221;3&#8243; screen_desktopsmall=&#8221;2&#8243; screen_tablet=&#8221;2&#8243; screen_mobile=&#8221;2&#8243;][\/vc_column][\/vc_row][vc_row full_width=&#8221;stretch_row&#8221; disable_element=&#8221;yes&#8221; css=&#8221;.vc_custom_1716154470285{padding-top: 30px !important;background-color: #f5f5f5 !important;}&#8221;][vc_column width=&#8221;1\/2&#8243; offset=&#8221;vc_col-lg-6 vc_col-md-12&#8243; css=&#8221;.vc_custom_1503892566289{padding-bottom: 40px !important;}&#8221;][tbay_title_heading title=&#8221;AYIN \u00dcR\u00dcN\u00dc&#8221; buttons=&#8221;btn-default btn-outline&#8221; buttons2=&#8221;btn-default btn-outline&#8221;][tbay_product_countdown categories=&#8221;90&#8243; number=&#8221;4&#8243; columns=&#8221;1&#8243; rows=&#8221;1&#8243; nav_type=&#8221;yes&#8221; pagi_type=&#8221;yes&#8221; responsive_type=&#8221;yes&#8221; screen_desktop=&#8221;1&#8243; screen_desktopsmall=&#8221;1&#8243; screen_tablet=&#8221;2&#8243; screen_mobile=&#8221;2&#8243;][\/vc_column][vc_column width=&#8221;1\/2&#8243; offset=&#8221;vc_col-lg-6 vc_col-md-12&#8243; css=&#8221;.vc_custom_1503892573505{padding-bottom: 40px !important;}&#8221;][tbay_title_heading title=&#8221;\u0130ND\u0130R\u0130M&#8221; buttons=&#8221;btn-default btn-outline&#8221; buttons2=&#8221;btn-default btn-outline&#8221;][tbay_product_countdown number=&#8221;4&#8243; columns=&#8221;2&#8243; layout_type=&#8221;carousel-vertical&#8221; rows=&#8221;1&#8243; nav_type=&#8221;yes&#8221; pagi_type=&#8221;yes&#8221; responsive_type=&#8221;yes&#8221; screen_desktop=&#8221;2&#8243; screen_desktopsmall=&#8221;2&#8243; screen_tablet=&#8221;2&#8243; screen_mobile=&#8221;2&#8243;][\/vc_column][\/vc_row][vc_row full_width=&#8221;stretch_row&#8221; css=&#8221;.vc_custom_1509677985759{background-color: #f5f5f5 !important;}&#8221;][vc_column width=&#8221;1\/2&#8243; css=&#8221;.vc_custom_1716154450259{padding-bottom: 30px !important;}&#8221;][vc_single_image image=&#8221;2574&#8243; img_size=&#8221;full&#8221; onclick=&#8221;custom_link&#8221; link=&#8221;#&#8221; el_class=&#8221;effect1&#8243;][\/vc_column][vc_column width=&#8221;1\/2&#8243; css=&#8221;.vc_custom_1716154458346{padding-bottom: 30px !important;}&#8221;][vc_single_image image=&#8221;2575&#8243; img_size=&#8221;full&#8221; onclick=&#8221;custom_link&#8221; link=&#8221;#&#8221; el_class=&#8221;effect1&#8243;][\/vc_column][\/vc_row]<\/p>\n<\/div>","protected":false},"excerpt":{"rendered":"<p>[vc_row css_animation=&#8221;none&#8221; isfullwidth=&#8221;0&#8243; css=&#8221;.vc_custom_1599809158985{margin-bottom: 30px !important;}&#8221;][vc_column css_animation=&#8221;fadeIn&#8221;][\/vc_column][\/vc_row][vc_row][vc_column css_animation=&#8221;none&#8221; width=&#8221;1\/2&#8243; offset=&#8221;vc_hidden-sm vc_hidden-xs&#8221;][vc_single_image image=&#8221;2563&#8243; img_size=&#8221;full&#8221; onclick=&#8221;custom_link&#8221; link=&#8221;#&#8221; el_class=&#8221;effect1&#8243;][\/vc_column][vc_column css_animation=&#8221;none&#8221; width=&#8221;1\/2&#8243; el_class=&#8221;list-custom-category&#8221; offset=&#8221;vc_hidden-xs&#8221;][vc_row_inner][vc_column_inner width=&#8221;1\/2&#8243;][vc_column_text css=&#8221;.vc_custom_1715456988091{background-image: url(https:\/\/hhselektronikguvenliksistemlerias.com\/wp-content\/uploads\/2024\/05\/Kodicom-KD-9420E2-2-Megapiksel-1080p-IR-Bullet-IP-Kamera.png?id=2570) !important;background-position: center !important;background-repeat: no-repeat !important;background-size: cover !important;}&#8221;] IP Kameralar Box Kameralar Dome Kameralar IR Bullet Kameralar PTZ Kameralar [\/vc_column_text][\/vc_column_inner][vc_column_inner width=&#8221;1\/2&#8243;][vc_column_text css=&#8221;.vc_custom_1715457391797{background-image: url(https:\/\/hhselektronikguvenliksistemlerias.com\/wp-content\/uploads\/2024\/05\/mobil-kamera.png?id=2571) !important;background-position: center !important;background-repeat: no-repeat !important;background-size: cover !important;}&#8221;] Mobil \u00dcr\u00fcnler Mobil &hellip; <a href=\"https:\/\/hhselektronikguvenliksistemlerias.com\/\" class=\"more-link\">Continue reading <span class=\"screen-reader-text\">Home<\/span><\/a><\/p>\n","protected":false},"author":1,"featured_media":0,"parent":0,"menu_order":0,"comment_status":"closed","ping_status":"closed","template":"","meta":{"footnotes":""},"class_list":["post-110","page","type-page","status-publish","hentry"],"_links":{"self":[{"href":"https:\/\/hhselektronikguvenliksistemlerias.com\/index.php\/wp-json\/wp\/v2\/pages\/110","targetHints":{"allow":["GET"]}}],"collection":[{"href":"https:\/\/hhselektronikguvenliksistemlerias.com\/index.php\/wp-json\/wp\/v2\/pages"}],"about":[{"href":"https:\/\/hhselektronikguvenliksistemlerias.com\/index.php\/wp-json\/wp\/v2\/types\/page"}],"author":[{"embeddable":true,"href":"https:\/\/hhselektronikguvenliksistemlerias.com\/index.php\/wp-json\/wp\/v2\/users\/1"}],"replies":[{"embeddable":true,"href":"https:\/\/hhselektronikguvenliksistemlerias.com\/index.php\/wp-json\/wp\/v2\/comments?post=110"}],"version-history":[{"count":5,"href":"https:\/\/hhselektronikguvenliksistemlerias.com\/index.php\/wp-json\/wp\/v2\/pages\/110\/revisions"}],"predecessor-version":[{"id":2687,"href":"https:\/\/hhselektronikguvenliksistemlerias.com\/index.php\/wp-json\/wp\/v2\/pages\/110\/revisions\/2687"}],"wp:attachment":[{"href":"https:\/\/hhselektronikguvenliksistemlerias.com\/index.php\/wp-json\/wp\/v2\/media?parent=110"}],"curies":[{"name":"wp","href":"https:\/\/api.w.org\/{rel}","templated":true}]}}