{"id":388,"date":"2016-05-17T17:32:49","date_gmt":"2016-05-17T17:32:49","guid":{"rendered":"https:\/\/wpbakery.thembay.com\/cena\/product\/accesories-10\/"},"modified":"2024-05-17T01:19:05","modified_gmt":"2024-05-16T22:19:05","slug":"xrplus-xr-221-ahd-2-1-megapiksel-1080p-box-ahd-kamera","status":"publish","type":"product","link":"https:\/\/hhselektronikguvenliksistemlerias.com\/index.php\/product\/xrplus-xr-221-ahd-2-1-megapiksel-1080p-box-ahd-kamera\/","title":{"rendered":"Xrplus XR-221-AHD \/ 2.1 Megapiksel 1080p Box AHD Kamera"},"content":{"rendered":"<p><strong>Genel \u00d6zellikler<\/strong><\/p>\n<ul>\n<li>2.1 Megapiksel<\/li>\n<li>1080p \u00e7\u00f6z\u00fcn\u00fcrl\u00fck<\/li>\n<li>1\/3&#8243; SONY Exmor g\u00f6r\u00fcnt\u00fc sens\u00f6r\u00fc<\/li>\n<li>Video DC Driver Lens Tak\u0131labilir<\/li>\n<li>D-WDR \/ DNR \/ BLC \/ HLC<\/li>\n<li>OSD Kontrol Men\u00fcs\u00fc<\/li>\n<li>IR &#8211; CUT, True Day\/Night<\/li>\n<li>DC12V<\/li>\n<\/ul>\n","protected":false},"excerpt":{"rendered":"<p>Genel \u00d6zellikler 2.1 Megapiksel 1080p \u00e7\u00f6z\u00fcn\u00fcrl\u00fck 1\/3&#8243; SONY Exmor g\u00f6r\u00fcnt\u00fc sens\u00f6r\u00fc Video DC Driver Lens Tak\u0131labilir D-WDR \/ DNR \/ BLC \/ HLC OSD Kontrol Men\u00fcs\u00fc IR &#8211; CUT, True Day\/Night DC12V<\/p>\n","protected":false},"featured_media":2555,"comment_status":"open","ping_status":"closed","template":"","meta":[],"product_brand":[],"product_cat":[89,92,38],"product_tag":[],"class_list":{"0":"post-388","1":"product","2":"type-product","3":"status-publish","4":"has-post-thumbnail","6":"product_cat-ahd-kameralar","7":"product_cat-box-kameralar","8":"product_cat-kameralar","9":"yith_product_brand-xrplus","11":"first","12":"instock","13":"sale","14":"shipping-taxable","15":"purchasable","16":"product-type-simple"},"_links":{"self":[{"href":"https:\/\/hhselektronikguvenliksistemlerias.com\/index.php\/wp-json\/wp\/v2\/product\/388","targetHints":{"allow":["GET"]}}],"collection":[{"href":"https:\/\/hhselektronikguvenliksistemlerias.com\/index.php\/wp-json\/wp\/v2\/product"}],"about":[{"href":"https:\/\/hhselektronikguvenliksistemlerias.com\/index.php\/wp-json\/wp\/v2\/types\/product"}],"replies":[{"embeddable":true,"href":"https:\/\/hhselektronikguvenliksistemlerias.com\/index.php\/wp-json\/wp\/v2\/comments?post=388"}],"wp:featuredmedia":[{"embeddable":true,"href":"https:\/\/hhselektronikguvenliksistemlerias.com\/index.php\/wp-json\/wp\/v2\/media\/2555"}],"wp:attachment":[{"href":"https:\/\/hhselektronikguvenliksistemlerias.com\/index.php\/wp-json\/wp\/v2\/media?parent=388"}],"wp:term":[{"taxonomy":"product_brand","embeddable":true,"href":"https:\/\/hhselektronikguvenliksistemlerias.com\/index.php\/wp-json\/wp\/v2\/product_brand?post=388"},{"taxonomy":"product_cat","embeddable":true,"href":"https:\/\/hhselektronikguvenliksistemlerias.com\/index.php\/wp-json\/wp\/v2\/product_cat?post=388"},{"taxonomy":"product_tag","embeddable":true,"href":"https:\/\/hhselektronikguvenliksistemlerias.com\/index.php\/wp-json\/wp\/v2\/product_tag?post=388"}],"curies":[{"name":"wp","href":"https:\/\/api.w.org\/{rel}","templated":true}]}}